{"id":2071,"date":"2020-08-17T16:01:42","date_gmt":"2020-08-17T14:01:42","guid":{"rendered":"https:\/\/www.halnaresidence.pl\/apartmany\/apartman-s-vyhladom-na-hory-a-krbom\/"},"modified":"2020-08-17T20:37:51","modified_gmt":"2020-08-17T18:37:51","slug":"apartman-s-vyhladom-na-hory-a-krbom","status":"publish","type":"page","link":"https:\/\/www.halnaresidence.pl\/sk\/apartmany\/apartman-s-vyhladom-na-hory-a-krbom\/","title":{"rendered":"Apartm\u00e1n s v\u00fdh\u013eadom na hory a krbom"},"content":{"rendered":"","protected":false},"excerpt":{"rendered":"","protected":false},"author":1,"featured_media":0,"parent":2039,"menu_order":0,"comment_status":"closed","ping_status":"closed","template":"","meta":{"footnotes":""},"class_list":["post-2071","page","type-page","status-publish","hentry"],"_links":{"self":[{"href":"https:\/\/www.halnaresidence.pl\/sk\/wp-json\/wp\/v2\/pages\/2071","targetHints":{"allow":["GET"]}}],"collection":[{"href":"https:\/\/www.halnaresidence.pl\/sk\/wp-json\/wp\/v2\/pages"}],"about":[{"href":"https:\/\/www.halnaresidence.pl\/sk\/wp-json\/wp\/v2\/types\/page"}],"author":[{"embeddable":true,"href":"https:\/\/www.halnaresidence.pl\/sk\/wp-json\/wp\/v2\/users\/1"}],"replies":[{"embeddable":true,"href":"https:\/\/www.halnaresidence.pl\/sk\/wp-json\/wp\/v2\/comments?post=2071"}],"version-history":[{"count":0,"href":"https:\/\/www.halnaresidence.pl\/sk\/wp-json\/wp\/v2\/pages\/2071\/revisions"}],"up":[{"embeddable":true,"href":"https:\/\/www.halnaresidence.pl\/sk\/wp-json\/wp\/v2\/pages\/2039"}],"wp:attachment":[{"href":"https:\/\/www.halnaresidence.pl\/sk\/wp-json\/wp\/v2\/media?parent=2071"}],"curies":[{"name":"wp","href":"https:\/\/api.w.org\/{rel}","templated":true}]}}