{"id":2086,"date":"2020-08-17T16:01:48","date_gmt":"2020-08-17T14:01:48","guid":{"rendered":"https:\/\/www.halnaresidence.pl\/apartmany\/apartman-s-2-spalnami-a-kupelnou\/"},"modified":"2020-08-17T20:37:58","modified_gmt":"2020-08-17T18:37:58","slug":"apartman-s-2-spalnami-a-kupelnou","status":"publish","type":"page","link":"https:\/\/www.halnaresidence.pl\/sk\/apartmany\/apartman-s-2-spalnami-a-kupelnou\/","title":{"rendered":"Apartm\u00e1n s 2 sp\u00e1l\u0148ami a k\u00fape\u013e\u0148ou"},"content":{"rendered":"","protected":false},"excerpt":{"rendered":"","protected":false},"author":1,"featured_media":0,"parent":2039,"menu_order":0,"comment_status":"closed","ping_status":"closed","template":"","meta":{"footnotes":""},"class_list":["post-2086","page","type-page","status-publish","hentry"],"_links":{"self":[{"href":"https:\/\/www.halnaresidence.pl\/sk\/wp-json\/wp\/v2\/pages\/2086","targetHints":{"allow":["GET"]}}],"collection":[{"href":"https:\/\/www.halnaresidence.pl\/sk\/wp-json\/wp\/v2\/pages"}],"about":[{"href":"https:\/\/www.halnaresidence.pl\/sk\/wp-json\/wp\/v2\/types\/page"}],"author":[{"embeddable":true,"href":"https:\/\/www.halnaresidence.pl\/sk\/wp-json\/wp\/v2\/users\/1"}],"replies":[{"embeddable":true,"href":"https:\/\/www.halnaresidence.pl\/sk\/wp-json\/wp\/v2\/comments?post=2086"}],"version-history":[{"count":0,"href":"https:\/\/www.halnaresidence.pl\/sk\/wp-json\/wp\/v2\/pages\/2086\/revisions"}],"up":[{"embeddable":true,"href":"https:\/\/www.halnaresidence.pl\/sk\/wp-json\/wp\/v2\/pages\/2039"}],"wp:attachment":[{"href":"https:\/\/www.halnaresidence.pl\/sk\/wp-json\/wp\/v2\/media?parent=2086"}],"curies":[{"name":"wp","href":"https:\/\/api.w.org\/{rel}","templated":true}]}}